{"id":104,"date":"2024-12-24T20:02:47","date_gmt":"2024-12-24T19:02:47","guid":{"rendered":"https:\/\/batiguyane.fr\/?page_id=104"},"modified":"2024-12-24T20:02:47","modified_gmt":"2024-12-24T19:02:47","slug":"qui-sommes-nous","status":"publish","type":"page","link":"https:\/\/batiguyane.fr\/index.php\/qui-sommes-nous\/","title":{"rendered":"Qui sommes-nous ?"},"content":{"rendered":"\n<p><strong>Bati Guyane<\/strong> est une entreprise locale engag\u00e9e dans l\u2019innovation et la durabilit\u00e9, sp\u00e9cialis\u00e9e dans les solutions \u00e9nerg\u00e9tiques adapt\u00e9es au territoire Guyanais. Fond\u00e9e par Fran\u00e7ois HYPOLITTE et Olivier CASSE, deux entrepreneurs exp\u00e9riment\u00e9s avec de nombreuses ann\u00e9es d\u2019expertise dans le secteur du b\u00e2timent et des travaux publics, Bati Guyane incarne une vision novatrice pour le d\u00e9veloppement durable en Guyane.<\/p>\n\n\n\n<p>Notre mission est de transformer la mani\u00e8re dont les foyers et les entreprises g\u00e8rent leur consommation \u00e9nerg\u00e9tique. Nous proposons des solutions accessibles et \u00e9cologiques, notamment des \u00e9oliennes domestiques et des syst\u00e8mes de batteries de stockage fonctionnant avec des panneaux solaires. Ces technologies permettent \u00e0 nos clients de r\u00e9duire leur empreinte carbone tout en r\u00e9alisant des \u00e9conomies significatives sur leurs factures \u00e9nerg\u00e9tiques.<\/p>\n\n\n\n<p>Fort de notre exp\u00e9rience dans le secteur du BTP, nous avons compris les besoins sp\u00e9cifiques de la Guyane et avons choisi d\u2019y r\u00e9pondre avec des produits innovants, fiables et adapt\u00e9s aux conditions locales. Nous sommes fiers de contribuer \u00e0 l\u2019autonomie \u00e9nerg\u00e9tique de la r\u00e9gion tout en promouvant un avenir plus respectueux de l\u2019environnement.<\/p>\n\n\n\n<p><strong>Chez Bati Guyane, nous croyons en un d\u00e9veloppement responsable, o\u00f9 chaque projet est pens\u00e9 pour cr\u00e9er un impact positif durable.<\/strong><\/p>\n\n\n\n<p>Rejoignez-nous dans cette aventure et d\u00e9couvrez comment nos solutions peuvent transformer votre quotidien tout en prot\u00e9geant notre plan\u00e8te.<\/p>\n","protected":false},"excerpt":{"rendered":"<p>Bati Guyane est une entreprise locale engag\u00e9e dans l\u2019innovation et la durabilit\u00e9, sp\u00e9cialis\u00e9e [&hellip;]<\/p>\n","protected":false},"author":1,"featured_media":0,"parent":0,"menu_order":0,"comment_status":"closed","ping_status":"closed","template":"","meta":{"footnotes":""},"class_list":["post-104","page","type-page","status-publish","hentry"],"_links":{"self":[{"href":"https:\/\/batiguyane.fr\/index.php\/wp-json\/wp\/v2\/pages\/104","targetHints":{"allow":["GET"]}}],"collection":[{"href":"https:\/\/batiguyane.fr\/index.php\/wp-json\/wp\/v2\/pages"}],"about":[{"href":"https:\/\/batiguyane.fr\/index.php\/wp-json\/wp\/v2\/types\/page"}],"author":[{"embeddable":true,"href":"https:\/\/batiguyane.fr\/index.php\/wp-json\/wp\/v2\/users\/1"}],"replies":[{"embeddable":true,"href":"https:\/\/batiguyane.fr\/index.php\/wp-json\/wp\/v2\/comments?post=104"}],"version-history":[{"count":1,"href":"https:\/\/batiguyane.fr\/index.php\/wp-json\/wp\/v2\/pages\/104\/revisions"}],"predecessor-version":[{"id":105,"href":"https:\/\/batiguyane.fr\/index.php\/wp-json\/wp\/v2\/pages\/104\/revisions\/105"}],"wp:attachment":[{"href":"https:\/\/batiguyane.fr\/index.php\/wp-json\/wp\/v2\/media?parent=104"}],"curies":[{"name":"wp","href":"https:\/\/api.w.org\/{rel}","templated":true}]}}