{"id":5,"date":"2024-12-19T01:57:46","date_gmt":"2024-12-19T00:57:46","guid":{"rendered":"https:\/\/batiguyane.fr\/?page_id=5"},"modified":"2024-12-26T20:42:06","modified_gmt":"2024-12-26T19:42:06","slug":"home-fse","status":"publish","type":"page","link":"https:\/\/batiguyane.fr\/index.php\/home-fse\/","title":{"rendered":"EXPLORER L&rsquo;UNIVERS DE B\u00c2TI GUYANE"},"content":{"rendered":"\n\n\n\n\n\n\n\n\n\n\n\n\n\n\n\n\n\n\n<p><strong>Bati Guyane<\/strong> est le choix incontournable pour tous vos projets de construction et d\u2019am\u00e9nagement en Guyane. Forts d&rsquo;une expertise reconnue, notre \u00e9quipe passionn\u00e9e s&rsquo;engage \u00e0 r\u00e9aliser des travaux d&rsquo;une qualit\u00e9 exceptionnelle, alliant innovation et savoir-faire traditionnel. <\/p>\n\n\n\n<p>Nous sommes fiers d&rsquo;\u00eatre les <strong>meilleurs dans notre domaine<\/strong>, offrant des solutions personnalis\u00e9es qui r\u00e9pondent parfaitement \u00e0 chaque besoin. Que ce soit en \u00e9lectricit\u00e9, plomberie, domotique ou am\u00e9nagement ext\u00e9rieur, nous mettons un point d&rsquo;honneur \u00e0 d\u00e9passer vos attentes. <\/p>\n\n\n\n<p>Avec <strong>Bati Guyane<\/strong>, vous b\u00e9n\u00e9ficiez d\u2019un service professionnel, d\u2019une \u00e9coute attentive et d\u2019un engagement sans faille pour la satisfaction de nos clients. Transformez vos r\u00eaves en r\u00e9alit\u00e9 avec nous, votre partenaire de confiance pour b\u00e2tir un avenir radieux !<\/p>\n","protected":false},"excerpt":{"rendered":"<p>Bati Guyane est le choix incontournable pour tous vos projets de construction et [&hellip;]<\/p>\n","protected":false},"author":1,"featured_media":0,"parent":0,"menu_order":0,"comment_status":"closed","ping_status":"closed","template":"template-pagebuilder.php","meta":{"footnotes":""},"class_list":["post-5","page","type-page","status-publish","hentry"],"_links":{"self":[{"href":"https:\/\/batiguyane.fr\/index.php\/wp-json\/wp\/v2\/pages\/5","targetHints":{"allow":["GET"]}}],"collection":[{"href":"https:\/\/batiguyane.fr\/index.php\/wp-json\/wp\/v2\/pages"}],"about":[{"href":"https:\/\/batiguyane.fr\/index.php\/wp-json\/wp\/v2\/types\/page"}],"author":[{"embeddable":true,"href":"https:\/\/batiguyane.fr\/index.php\/wp-json\/wp\/v2\/users\/1"}],"replies":[{"embeddable":true,"href":"https:\/\/batiguyane.fr\/index.php\/wp-json\/wp\/v2\/comments?post=5"}],"version-history":[{"count":3,"href":"https:\/\/batiguyane.fr\/index.php\/wp-json\/wp\/v2\/pages\/5\/revisions"}],"predecessor-version":[{"id":198,"href":"https:\/\/batiguyane.fr\/index.php\/wp-json\/wp\/v2\/pages\/5\/revisions\/198"}],"wp:attachment":[{"href":"https:\/\/batiguyane.fr\/index.php\/wp-json\/wp\/v2\/media?parent=5"}],"curies":[{"name":"wp","href":"https:\/\/api.w.org\/{rel}","templated":true}]}}